{"id":4,"date":"2009-01-10T22:14:05","date_gmt":"2009-01-11T04:14:05","guid":{"rendered":"http:\/\/www.radioactiva.com.pe\/blogs\/?page_id=4"},"modified":"2022-07-28T20:11:22","modified_gmt":"2022-07-29T01:11:22","slug":"nosotros","status":"publish","type":"page","link":"https:\/\/www.radioactiva.com.pe\/blogs\/nosotros","title":{"rendered":"NOSOTROS"},"content":{"rendered":"<p>San Juan de la Frontera de los Chachapoyas, Capital de la Regi\u00f3n Amazonas, vasta zona del Norte del Per\u00fa; de un clima agradable, rodeada de hermosos cerros verdes, cobijada bajo un limpio cielo turquesa, poseedora de un pasado que llena de orgullo a sus habitantes y de costumbres que la identifican como tradicional e hist\u00f3rica fue fundada el 05 de Septiembre de 1538 por Capit\u00e1n Espa\u00f1ol Alonso de Alvarado, en su traj\u00edn por la conquista del nororiente peruano.<\/p>\n<p>Chachapoyas y su gente ha escrito importantes p\u00e1ginas de la historia del Per\u00fa, desde su pasado Reino, Los Sachapuyos, aguerridos dominadores de esta regi\u00f3n; hasta la gesta her\u00f3ica de la Batalla de Higos Urco, inicio de la independencia peruana.<\/p>\n<p>Chachapoyas sigue manteniendo su hegemon\u00eda en la Regi\u00f3n, siendo sede administrativa y pol\u00edtica de Amazonas ya que alberga a las entidades educativas, culturales y de comunicaciones m\u00e1s importantes y en la actualidad es el punto de partida para el despegue tur\u00edstico de esta tierra, ya que Ku\u00e9lap y todo el legado arqueol\u00f3gico existente son sin duda un atractivo para el mundo.<\/p>\n<p>Es en Chachapoyas donde Radioactiva surge circunstancialmente cuando en una noche de desvelo, motivados por el entusiasmo, un grupo de j\u00f3venes amigos, amantes de la radio, \u201csue\u00f1an\u201d con tener una radioemisora propia, aunque parec\u00eda lejano realizarlo, ya que establecer un medio de comunicaci\u00f3n significa gran inversi\u00f3n, familiares y amigos, deciden apoyar esta ambiciosa iniciativa.<\/p>\n<p>Transcurrieron las semanas y la idea iba tomando \u201ccuerpo\u201d, se acrecentaban las ganas e ilusiones, pero no los centavos, entonces hab\u00eda que generar ingresos, es all\u00ed donde la familia y amigos juegan un rol protag\u00f3nico y as\u00ed se inician los trabajos y las adquisiciones. Mientras se esperaba con marcada expectativa la llegada de los equipos de transmisi\u00f3n, un grupo de socios trabajaba en la construcci\u00f3n de las cabinas de operaci\u00f3n y locuci\u00f3n, en lo que ser\u00eda el primer estudio de la radio, ubicado en el barrio de Luya Urco, Jr. Santo Domingo N\u00ba 185; otro grupo dise\u00f1aba el proyecto de programaci\u00f3n. Luego de cuatro meses de arduo trabajo se inauguran oficialmente las transmisiones de Radioactiva Stereo, El 17 de Marzo de 1997, coincidiendo con el lanzamiento de la cadena internacional de noticias CNN en Espa\u00f1ol, en esa fecha fue lanzada por primera vez la se\u00f1al de Radioactiva Stereo, aquella vez en los 105.00 Mhz Frecuencia Modulada. El \u201csue\u00f1o\u201d se hizo realidad, con alegr\u00edas, dificultades y sacrificios, pero tambi\u00e9n gracias a la experiencia de los fundadores que han sido el impulso para llegar a buen puerto.<\/p>\n<p>Ahora, con m\u00e1s de una d\u00e9cada de servicio y con el reconocimiento oficial del Ministerio de Transportes y Comunicaciones, con Resoluci\u00f3n Vice Ministerial N\u00ba 443-2001-MTC\/15.03, se ha establecido la frecuencia definitiva para las transmisiones en los 104.7 Mhz Frecuencia Modulada.<\/p>\n<p>Radioactiva se ha consolidado en la preferencia general de la fidel\u00edsima ciudad de Chachapoyas, gracias a su selecta programaci\u00f3n y calificado grupo humano, con amplia experiencia en la radiocomunicaci\u00f3n y autores del actual formato de programaci\u00f3n. Desde el nacimiento de esta nueva alternativa radial, nos hemos propuesto asumir el reto de informar, culturizar y entretener, difundiendo valores que enriquezcan la calidad humana, informando con veracidad, fomentando la cultura a trav\u00e9s de diversos eventos y difundiendo el deporte e importantes acontecimientos pol\u00edticos mediante transmisiones desde diversas regiones del pa\u00eds.<\/p>\n<p>As\u00ed como hemos logrado metas importantes en nuestra poca existencia como empresa, de la cual particularmente nos sentimos orgullosos; tambi\u00e9n debemos reconocer que a\u00fan tenemos mucho por hacer, como incrementar nuestra potencia de transmisi\u00f3n, ampliar nuestra cobertura en nuevas frecuencias, contar con infraestructura propia, crear y mejorar nuestros programas y asumir nuevos retos; con la ayuda de Dios, a quien agradecemos todos los d\u00edas por haber sido tan generoso con nosotros, con el respaldo de nuestras familias y de ustedes, incondicionales amigos y oyentes que todos los d\u00edas alimentan nuestro esp\u00edritu e ilusiones, con sus gestos de amistad y aprecio&#8230; Gracias&#8230;!<\/p>\n<p>La verdad es que hacer radio en las provincias del Per\u00fa, como Chachapoyas, es muy dif\u00edcil, debido al monopolio de las grandes empresas de radio que acaparan la publicidad desde la capital, Lima, dejando s\u00f3lo a las peque\u00f1as empresas la publicidad local, que \u00fanicamente ayuda a cubrir los gastos de servicios y mantenimiento de la empresa. Radioactiva no ser\u00eda una realidad gracias al aporte invalorable de las personas que ad Hon\u00f3rem dan su tiempo en la programaci\u00f3n y ayudan de una u otro manera a sacar a delante este proyecto. Pero all\u00ed estamos bregando diariamente a pesar de las dificultades.<\/p>\n","protected":false},"excerpt":{"rendered":"<p>San Juan de la Frontera de los Chachapoyas, Capital de la Regi\u00f3n Amazonas, vasta zona del Norte del Per\u00fa; de un clima agradable, rodeada de hermosos cerros verdes, cobijada bajo un limpio cielo turquesa, poseedora de un pasado que llena [&hellip;]<\/p>\n","protected":false},"author":1,"featured_media":0,"parent":0,"menu_order":0,"comment_status":"closed","ping_status":"closed","template":"elementor_theme","meta":{"footnotes":""},"class_list":["post-4","page","type-page","status-publish","hentry"],"_links":{"self":[{"href":"https:\/\/www.radioactiva.com.pe\/blogs\/wp-json\/wp\/v2\/pages\/4","targetHints":{"allow":["GET"]}}],"collection":[{"href":"https:\/\/www.radioactiva.com.pe\/blogs\/wp-json\/wp\/v2\/pages"}],"about":[{"href":"https:\/\/www.radioactiva.com.pe\/blogs\/wp-json\/wp\/v2\/types\/page"}],"author":[{"embeddable":true,"href":"https:\/\/www.radioactiva.com.pe\/blogs\/wp-json\/wp\/v2\/users\/1"}],"replies":[{"embeddable":true,"href":"https:\/\/www.radioactiva.com.pe\/blogs\/wp-json\/wp\/v2\/comments?post=4"}],"version-history":[{"count":13,"href":"https:\/\/www.radioactiva.com.pe\/blogs\/wp-json\/wp\/v2\/pages\/4\/revisions"}],"predecessor-version":[{"id":6670,"href":"https:\/\/www.radioactiva.com.pe\/blogs\/wp-json\/wp\/v2\/pages\/4\/revisions\/6670"}],"wp:attachment":[{"href":"https:\/\/www.radioactiva.com.pe\/blogs\/wp-json\/wp\/v2\/media?parent=4"}],"curies":[{"name":"wp","href":"https:\/\/api.w.org\/{rel}","templated":true}]}}