{"id":25,"date":"2009-01-12T08:02:13","date_gmt":"2009-01-12T14:02:13","guid":{"rendered":"http:\/\/www.radioactiva.com.pe\/blogs\/?page_id=25"},"modified":"2021-10-13T21:02:59","modified_gmt":"2021-10-14T02:02:59","slug":"locutores","status":"publish","type":"page","link":"https:\/\/www.radioactiva.com.pe\/blogs\/locutores","title":{"rendered":"NUESTRO STAFF"},"content":{"rendered":"<p>[vc_row][vc_column][vc_column_text]<\/p>\n<h4>Somos profesionales en nuestro campo con muchos a\u00f1os de experiencia. Con\u00f3cenos aqu\u00ed:<\/h4>\n<p><a href=\"https:\/\/www.radioactiva.com.pe\/blogs\/locutores\/percy-tuesta\" target=\"_blank\" rel=\"noopener\"><img loading=\"lazy\" decoding=\"async\" class=\"wp-image-6209 size-thumbnail alignnone\" title=\"PERCY TUESTA\" src=\"https:\/\/www.radioactiva.com.pe\/blogs\/wp-content\/uploads\/2021\/10\/pepo-150x150.jpg\" alt=\"PERCY TUESTA\" width=\"150\" height=\"150\" \/><\/a><a href=\"https:\/\/www.radioactiva.com.pe\/blogs\/locutores\/ludwin-trauco\" target=\"_blank\" rel=\"noopener\"><img loading=\"lazy\" decoding=\"async\" class=\"alignnone wp-image-6200 size-thumbnail\" title=\"LUDWIN TRAUCO\" src=\"https:\/\/www.radioactiva.com.pe\/blogs\/wp-content\/uploads\/2021\/10\/LUDWIN-150x150.jpeg\" alt=\"\" width=\"150\" height=\"150\" \/><\/a><a href=\"https:\/\/www.radioactiva.com.pe\/blogs\/locutores\/dj-tom-2\" target=\"_blank\" rel=\"noopener\"><img loading=\"lazy\" decoding=\"async\" class=\"alignnone wp-image-6178 size-thumbnail\" title=\"DJ Tom\" src=\"https:\/\/www.radioactiva.com.pe\/blogs\/wp-content\/uploads\/2021\/10\/DJ-TOM-150x150.jpg\" alt=\"DJ Tom\" width=\"150\" height=\"150\" \/><\/a>[\/vc_column_text][vc_separator_pr top_margin=\u00bbpage_margin_top\u00bb][\/vc_column][\/vc_row]<\/p>\n","protected":false},"excerpt":{"rendered":"<p>[vc_row][vc_column][vc_column_text] Somos profesionales en nuestro campo con muchos a\u00f1os de experiencia. Con\u00f3cenos aqu\u00ed: [\/vc_column_text][vc_separator_pr top_margin=\u00bbpage_margin_top\u00bb][\/vc_column][\/vc_row]<\/p>\n","protected":false},"author":1,"featured_media":0,"parent":0,"menu_order":0,"comment_status":"open","ping_status":"open","template":"","meta":{"footnotes":""},"class_list":["post-25","page","type-page","status-publish","hentry"],"_links":{"self":[{"href":"https:\/\/www.radioactiva.com.pe\/blogs\/wp-json\/wp\/v2\/pages\/25","targetHints":{"allow":["GET"]}}],"collection":[{"href":"https:\/\/www.radioactiva.com.pe\/blogs\/wp-json\/wp\/v2\/pages"}],"about":[{"href":"https:\/\/www.radioactiva.com.pe\/blogs\/wp-json\/wp\/v2\/types\/page"}],"author":[{"embeddable":true,"href":"https:\/\/www.radioactiva.com.pe\/blogs\/wp-json\/wp\/v2\/users\/1"}],"replies":[{"embeddable":true,"href":"https:\/\/www.radioactiva.com.pe\/blogs\/wp-json\/wp\/v2\/comments?post=25"}],"version-history":[{"count":14,"href":"https:\/\/www.radioactiva.com.pe\/blogs\/wp-json\/wp\/v2\/pages\/25\/revisions"}],"predecessor-version":[{"id":6211,"href":"https:\/\/www.radioactiva.com.pe\/blogs\/wp-json\/wp\/v2\/pages\/25\/revisions\/6211"}],"wp:attachment":[{"href":"https:\/\/www.radioactiva.com.pe\/blogs\/wp-json\/wp\/v2\/media?parent=25"}],"curies":[{"name":"wp","href":"https:\/\/api.w.org\/{rel}","templated":true}]}}