{"id":183,"date":"2010-05-21T11:27:34","date_gmt":"2010-05-21T17:27:34","guid":{"rendered":"http:\/\/www.radioactiva.com.pe\/blogs\/?page_id=183"},"modified":"2010-05-21T11:29:41","modified_gmt":"2010-05-21T17:29:41","slug":"reyler-cieza","status":"publish","type":"page","link":"https:\/\/www.radioactiva.com.pe\/blogs\/locutores\/reyler-cieza","title":{"rendered":"Reyler Cieza"},"content":{"rendered":"<h1>NUESTROS LOCUTORES<\/h1>\n<p><img loading=\"lazy\" decoding=\"async\" class=\"aligncenter size-full wp-image-184\" title=\"Reyler Cieza\" src=\"https:\/\/www.radioactiva.com.pe\/blogs\/wp-content\/uploads\/2010\/05\/baner_reyler.jpg\" alt=\"Reyler Cieza\" width=\"450\" height=\"220\" \/><\/p>\n<h2>Reyler Cieza<\/h2>\n<p>Es la reciente incorporaci\u00f3n al equipo humano de radioactiva, estudiante de Ingenier\u00eda Agroindustrial de la universidad de Amazonas. Desde el 2005 ha alternado sus estudios con la locuci\u00f3n y es una de las promesas en el mundo de la radio.<br \/>\nSu juventud y dinamismo se reflejan en la conducci\u00f3n de sus programas SOLO HISPANO y FIN DE SEMANA.<\/p>\n<p>HOBBIE: Escuchar m\u00fasica sobre todo rock Alternativo.<br \/>\nCUMPLEA\u00d1OS: 23 de diciembre.<br \/>\nPLATO FAVORITO: Cecina.<br \/>\nDEPORTE QUE PRACTICA: Fulbito.<\/p>\n","protected":false},"excerpt":{"rendered":"<p>NUESTROS LOCUTORES Reyler Cieza Es la reciente incorporaci\u00f3n al equipo humano de radioactiva, estudiante de Ingenier\u00eda Agroindustrial de la universidad de Amazonas. Desde el 2005 ha alternado sus estudios con la locuci\u00f3n y es una de las promesas en el [&hellip;]<\/p>\n","protected":false},"author":1,"featured_media":0,"parent":25,"menu_order":0,"comment_status":"closed","ping_status":"closed","template":"","meta":{"footnotes":""},"class_list":["post-183","page","type-page","status-publish","hentry"],"_links":{"self":[{"href":"https:\/\/www.radioactiva.com.pe\/blogs\/wp-json\/wp\/v2\/pages\/183","targetHints":{"allow":["GET"]}}],"collection":[{"href":"https:\/\/www.radioactiva.com.pe\/blogs\/wp-json\/wp\/v2\/pages"}],"about":[{"href":"https:\/\/www.radioactiva.com.pe\/blogs\/wp-json\/wp\/v2\/types\/page"}],"author":[{"embeddable":true,"href":"https:\/\/www.radioactiva.com.pe\/blogs\/wp-json\/wp\/v2\/users\/1"}],"replies":[{"embeddable":true,"href":"https:\/\/www.radioactiva.com.pe\/blogs\/wp-json\/wp\/v2\/comments?post=183"}],"version-history":[{"count":0,"href":"https:\/\/www.radioactiva.com.pe\/blogs\/wp-json\/wp\/v2\/pages\/183\/revisions"}],"up":[{"embeddable":true,"href":"https:\/\/www.radioactiva.com.pe\/blogs\/wp-json\/wp\/v2\/pages\/25"}],"wp:attachment":[{"href":"https:\/\/www.radioactiva.com.pe\/blogs\/wp-json\/wp\/v2\/media?parent=183"}],"curies":[{"name":"wp","href":"https:\/\/api.w.org\/{rel}","templated":true}]}}