{"id":175,"date":"2010-05-21T11:16:12","date_gmt":"2010-05-21T17:16:12","guid":{"rendered":"http:\/\/www.radioactiva.com.pe\/blogs\/?page_id=175"},"modified":"2010-05-21T11:16:12","modified_gmt":"2010-05-21T17:16:12","slug":"edgar-vasquez","status":"publish","type":"page","link":"https:\/\/www.radioactiva.com.pe\/blogs\/locutores\/edgar-vasquez","title":{"rendered":"Edgar V\u00e1squez"},"content":{"rendered":"<h1>NUESTROS LOCUTORES<\/h1>\n<p><img loading=\"lazy\" decoding=\"async\" class=\"aligncenter size-full wp-image-176\" title=\"Edgar V\u00e1squez\" src=\"https:\/\/www.radioactiva.com.pe\/blogs\/wp-content\/uploads\/2010\/05\/baner_edgar.jpg\" alt=\"Edgar V\u00e1squez\" width=\"450\" height=\"220\" \/><\/p>\n<h2>Edgar V\u00e1squez Romero<\/h2>\n<p>Natural de la ciudad de Chiclayo, lleg\u00f3 en 1993 y se integro al equipo de locutores de Radio Kuelap de Chachapoyas, Su destacada participaci\u00f3n en el mundo de la radio marc\u00f3 sus inicios en la ciudad de Bagua Grande.<br \/>\nEn la actualidad goza de popularidad y simpat\u00eda por sus programas que han calado hondo en el coraz\u00f3n de sus oyentes: HABLEMOS DE AMOR y SALSABOREANDO este \u00faltimo cada fin de semana. Edgar, es uno de los fundadores de RADIOACTIVA ya que particip\u00f3 \u201cactivamente\u201den el desarrollo de este proyecto.<\/p>\n<p>HOBBIE: Escribir Poemas y Versos de amor.<br \/>\nCUMPLEA\u00d1OS: 24 Diciembre.<br \/>\nPLATO FAVORITO: Parihuela de Pescado, Arroz con Pato, etc., etc., etc.<br \/>\nDEPORTE QUE PRACTICA: F\u00edsico Culturismo.<\/p>\n","protected":false},"excerpt":{"rendered":"<p>NUESTROS LOCUTORES Edgar V\u00e1squez Romero Natural de la ciudad de Chiclayo, lleg\u00f3 en 1993 y se integro al equipo de locutores de Radio Kuelap de Chachapoyas, Su destacada participaci\u00f3n en el mundo de la radio marc\u00f3 sus inicios en la [&hellip;]<\/p>\n","protected":false},"author":1,"featured_media":0,"parent":25,"menu_order":0,"comment_status":"closed","ping_status":"closed","template":"","meta":{"footnotes":""},"class_list":["post-175","page","type-page","status-publish","hentry"],"_links":{"self":[{"href":"https:\/\/www.radioactiva.com.pe\/blogs\/wp-json\/wp\/v2\/pages\/175","targetHints":{"allow":["GET"]}}],"collection":[{"href":"https:\/\/www.radioactiva.com.pe\/blogs\/wp-json\/wp\/v2\/pages"}],"about":[{"href":"https:\/\/www.radioactiva.com.pe\/blogs\/wp-json\/wp\/v2\/types\/page"}],"author":[{"embeddable":true,"href":"https:\/\/www.radioactiva.com.pe\/blogs\/wp-json\/wp\/v2\/users\/1"}],"replies":[{"embeddable":true,"href":"https:\/\/www.radioactiva.com.pe\/blogs\/wp-json\/wp\/v2\/comments?post=175"}],"version-history":[{"count":0,"href":"https:\/\/www.radioactiva.com.pe\/blogs\/wp-json\/wp\/v2\/pages\/175\/revisions"}],"up":[{"embeddable":true,"href":"https:\/\/www.radioactiva.com.pe\/blogs\/wp-json\/wp\/v2\/pages\/25"}],"wp:attachment":[{"href":"https:\/\/www.radioactiva.com.pe\/blogs\/wp-json\/wp\/v2\/media?parent=175"}],"curies":[{"name":"wp","href":"https:\/\/api.w.org\/{rel}","templated":true}]}}