{"id":165,"date":"2010-05-21T10:59:52","date_gmt":"2010-05-21T16:59:52","guid":{"rendered":"http:\/\/www.radioactiva.com.pe\/blogs\/?page_id=165"},"modified":"2021-10-19T15:17:27","modified_gmt":"2021-10-19T20:17:27","slug":"ludwin-trauco","status":"publish","type":"page","link":"https:\/\/www.radioactiva.com.pe\/blogs\/locutores\/ludwin-trauco","title":{"rendered":"Ludwin Trauco"},"content":{"rendered":"<p>[vc_row][vc_column][vc_column_text]<a href=\"https:\/\/www.radioactiva.com.pe\/blogs\/wp-content\/uploads\/2021\/10\/LUDWIN.jpeg\"><img loading=\"lazy\" decoding=\"async\" class=\"aligncenter wp-image-6200 size-medium\" title=\"LUDWIN TRAUCO\" src=\"https:\/\/www.radioactiva.com.pe\/blogs\/wp-content\/uploads\/2021\/10\/LUDWIN-194x300.jpeg\" alt=\"LUDWIN TRAUCO\" width=\"194\" height=\"300\" \/><\/a><\/p>\n<h2>Ludwin Trauco Huam\u00e1n<\/h2>\n<p>Miembro de <strong>Radioactiva<\/strong> desde el a\u00f1o 2009. Conductor de diferentes programas como <strong>LOS RETROACTIVOS<\/strong> y <strong>TARDE CL\u00c1SICA<\/strong>. Voz comercial, productor y programador.<\/p>\n<p><strong>Nro. de contacto:<\/strong> +51 943 475 518<\/p>\n<p><strong>Correo electr\u00f3nico:<\/strong> ludwin@radioactiva.com.pe[\/vc_column_text][\/vc_column][\/vc_row]<\/p>\n","protected":false},"excerpt":{"rendered":"<p>[vc_row][vc_column][vc_column_text] Ludwin Trauco Huam\u00e1n Miembro de Radioactiva desde el a\u00f1o 2009. Conductor de diferentes programas como LOS RETROACTIVOS y TARDE CL\u00c1SICA. Voz comercial, productor y programador. Nro. de contacto: +51 943 475 518 Correo electr\u00f3nico: ludwin@radioactiva.com.pe[\/vc_column_text][\/vc_column][\/vc_row]<\/p>\n","protected":false},"author":1,"featured_media":0,"parent":25,"menu_order":0,"comment_status":"open","ping_status":"open","template":"","meta":{"footnotes":""},"class_list":["post-165","page","type-page","status-publish","hentry"],"_links":{"self":[{"href":"https:\/\/www.radioactiva.com.pe\/blogs\/wp-json\/wp\/v2\/pages\/165","targetHints":{"allow":["GET"]}}],"collection":[{"href":"https:\/\/www.radioactiva.com.pe\/blogs\/wp-json\/wp\/v2\/pages"}],"about":[{"href":"https:\/\/www.radioactiva.com.pe\/blogs\/wp-json\/wp\/v2\/types\/page"}],"author":[{"embeddable":true,"href":"https:\/\/www.radioactiva.com.pe\/blogs\/wp-json\/wp\/v2\/users\/1"}],"replies":[{"embeddable":true,"href":"https:\/\/www.radioactiva.com.pe\/blogs\/wp-json\/wp\/v2\/comments?post=165"}],"version-history":[{"count":7,"href":"https:\/\/www.radioactiva.com.pe\/blogs\/wp-json\/wp\/v2\/pages\/165\/revisions"}],"predecessor-version":[{"id":6278,"href":"https:\/\/www.radioactiva.com.pe\/blogs\/wp-json\/wp\/v2\/pages\/165\/revisions\/6278"}],"up":[{"embeddable":true,"href":"https:\/\/www.radioactiva.com.pe\/blogs\/wp-json\/wp\/v2\/pages\/25"}],"wp:attachment":[{"href":"https:\/\/www.radioactiva.com.pe\/blogs\/wp-json\/wp\/v2\/media?parent=165"}],"curies":[{"name":"wp","href":"https:\/\/api.w.org\/{rel}","templated":true}]}}